{"id":1649,"date":"2024-07-10T07:49:16","date_gmt":"2024-07-10T07:49:16","guid":{"rendered":"https:\/\/bordeaux.espace-gold-change.com\/?page_id=1649"},"modified":"2026-04-27T11:21:57","modified_gmt":"2026-04-27T09:21:57","slug":"gold-napoleons","status":"publish","type":"page","link":"https:\/\/bordeaux.espace-gold-change.com\/en\/achat-vente-or\/acheter-or\/napoleons-or\/","title":{"rendered":"Acheter des Napol\u00e9ons d&rsquo;Or \u00e0 Bordeaux"},"content":{"rendered":"","protected":false},"excerpt":{"rendered":"<p>Achetez des napol\u00e9ons d&rsquo;or en toute s\u00e9curit\u00e9 et au meilleur prix \u00e0 Bordeaux.<\/p>","protected":false},"author":1,"featured_media":1902,"parent":1642,"menu_order":0,"comment_status":"closed","ping_status":"closed","template":"","meta":{"_acf_changed":false,"footnotes":""},"class_list":["post-1649","page","type-page","status-publish","has-post-thumbnail","hentry"],"acf":[],"_links":{"self":[{"href":"https:\/\/bordeaux.espace-gold-change.com\/en\/wp-json\/wp\/v2\/pages\/1649","targetHints":{"allow":["GET"]}}],"collection":[{"href":"https:\/\/bordeaux.espace-gold-change.com\/en\/wp-json\/wp\/v2\/pages"}],"about":[{"href":"https:\/\/bordeaux.espace-gold-change.com\/en\/wp-json\/wp\/v2\/types\/page"}],"author":[{"embeddable":true,"href":"https:\/\/bordeaux.espace-gold-change.com\/en\/wp-json\/wp\/v2\/users\/1"}],"replies":[{"embeddable":true,"href":"https:\/\/bordeaux.espace-gold-change.com\/en\/wp-json\/wp\/v2\/comments?post=1649"}],"version-history":[{"count":13,"href":"https:\/\/bordeaux.espace-gold-change.com\/en\/wp-json\/wp\/v2\/pages\/1649\/revisions"}],"predecessor-version":[{"id":4541,"href":"https:\/\/bordeaux.espace-gold-change.com\/en\/wp-json\/wp\/v2\/pages\/1649\/revisions\/4541"}],"up":[{"embeddable":true,"href":"https:\/\/bordeaux.espace-gold-change.com\/en\/wp-json\/wp\/v2\/pages\/1642"}],"wp:featuredmedia":[{"embeddable":true,"href":"https:\/\/bordeaux.espace-gold-change.com\/en\/wp-json\/wp\/v2\/media\/1902"}],"wp:attachment":[{"href":"https:\/\/bordeaux.espace-gold-change.com\/en\/wp-json\/wp\/v2\/media?parent=1649"}],"curies":[{"name":"wp","href":"https:\/\/api.w.org\/{rel}","templated":true}]}}