{"id":2699,"date":"2024-12-10T14:59:47","date_gmt":"2024-12-10T14:59:47","guid":{"rendered":"https:\/\/bordeaux.espace-gold-change.com\/?page_id=2699"},"modified":"2024-12-10T15:09:54","modified_gmt":"2024-12-10T15:09:54","slug":"sitemap","status":"publish","type":"page","link":"https:\/\/bordeaux.espace-gold-change.com\/en\/sitemap\/","title":{"rendered":"Sitemap"},"content":{"rendered":"<div data-elementor-type=\"wp-page\" data-elementor-id=\"2699\" class=\"elementor elementor-2699\" data-elementor-post-type=\"page\">\n\t\t\t\t<div class=\"elementor-element elementor-element-fd35c6c e-flex e-con-boxed e-con e-parent\" data-id=\"fd35c6c\" data-element_type=\"container\" data-e-type=\"container\">\n\t\t\t\t\t<div class=\"e-con-inner\">\n\t\t\t\t<div class=\"elementor-element elementor-element-4266997 elementor-widget elementor-widget-shortcode\" data-id=\"4266997\" data-element_type=\"widget\" data-e-type=\"widget\" data-widget_type=\"shortcode.default\">\n\t\t\t\t<div class=\"elementor-widget-container\">\n\t\t\t\t\t\t\t<div class=\"elementor-shortcode\"><div class=\"rank-math-html-sitemap\"><div class=\"rank-math-html-sitemap__section rank-math-html-sitemap__section--post-type rank-math-html-sitemap__section--page\"><h2 class=\"rank-math-html-sitemap__title\">Pages<\/h2><ul class=\"rank-math-html-sitemap__list\"><li class=\"rank-math-html-sitemap__item\"><a href=\"https:\/\/bordeaux.espace-gold-change.com\/en\/important-tax-information\/\" class=\"rank-math-html-sitemap__link\">Informations fiscales importantes - Espace Gold Change - Bordeaux<\/a><\/li><li class=\"rank-math-html-sitemap__item\"><a href=\"https:\/\/bordeaux.espace-gold-change.com\/en\/our-shops\/\" class=\"rank-math-html-sitemap__link\">Nos boutiques - Espace Gold Change - Bordeaux<\/a><\/li><li class=\"rank-math-html-sitemap__item\"><a href=\"https:\/\/bordeaux.espace-gold-change.com\/en\/recruitment\/\" class=\"rank-math-html-sitemap__link\">Recrutement - Espace Gold Change - Bordeaux<\/a><\/li><li class=\"rank-math-html-sitemap__item\"><a href=\"https:\/\/bordeaux.espace-gold-change.com\/en\/sitemap\/\" class=\"rank-math-html-sitemap__link\">Sitemap - Espace Gold Change - Bordeaux<\/a><\/li><li class=\"rank-math-html-sitemap__item\"><a href=\"https:\/\/bordeaux.espace-gold-change.com\/en\/booking\/\" class=\"rank-math-html-sitemap__link\">Reservation - Espace Gold Change - Bordeaux<\/a><ul class=\"rank-math-html-sitemap__list\"><li class=\"rank-math-html-sitemap__item\"><a href=\"https:\/\/bordeaux.espace-gold-change.com\/en\/booking\/reservation-bordeaux-3-rue-des-remparts\/\" class=\"rank-math-html-sitemap__link\">Reservation Bordeaux - 3 rue des Remparts, 33000 - Espace Gold Change - Bordeaux<\/a><\/li><\/ul><\/li><li class=\"rank-math-html-sitemap__item\"><a href=\"https:\/\/bordeaux.espace-gold-change.com\/en\/estimate\/\" class=\"rank-math-html-sitemap__link\">Estimate - Gold Change<\/a><\/li><li class=\"rank-math-html-sitemap__item\"><a href=\"https:\/\/bordeaux.espace-gold-change.com\/en\/general-terms-and-conditions-of-sale\/\" class=\"rank-math-html-sitemap__link\">Conditions g\u00e9n\u00e9rales de vente - Espace Gold Change - Bordeaux<\/a><\/li><li class=\"rank-math-html-sitemap__item\"><a href=\"https:\/\/bordeaux.espace-gold-change.com\/en\/legal-information\/\" class=\"rank-math-html-sitemap__link\">Mentions l\u00e9gales - Espace Gold Change - Bordeaux<\/a><\/li><li class=\"rank-math-html-sitemap__item\"><a href=\"https:\/\/bordeaux.espace-gold-change.com\/en\/valuables\/\" class=\"rank-math-html-sitemap__link\">Rachat d&#039;objets de valeur \u00e0 Bordeaux - Espace Gold Change<\/a><ul class=\"rank-math-html-sitemap__list\"><li class=\"rank-math-html-sitemap__item\"><a href=\"https:\/\/bordeaux.espace-gold-change.com\/en\/valuables\/coins\/\" class=\"rank-math-html-sitemap__link\">Rachat pi\u00e8ces de monnaie \u00e0 Bordeaux \u2013 Service Espace Gold Change<\/a><\/li><li class=\"rank-math-html-sitemap__item\"><a href=\"https:\/\/bordeaux.espace-gold-change.com\/en\/valuables\/luxury-bag\/\" class=\"rank-math-html-sitemap__link\">Vendre sac de luxe \u00e0 Bordeaux - Espace Gold Change<\/a><\/li><li class=\"rank-math-html-sitemap__item\"><a href=\"https:\/\/bordeaux.espace-gold-change.com\/en\/valuables\/watches\/\" class=\"rank-math-html-sitemap__link\">Rachat de montres \u00e0 Bordeaux - Service Espace Gold Change<\/a><\/li><\/ul><\/li><li class=\"rank-math-html-sitemap__item\"><a href=\"https:\/\/bordeaux.espace-gold-change.com\/en\/purchase-and-sale-of-jewellery-and-precious-stones\/\" class=\"rank-math-html-sitemap__link\">Achat et vente de bijoux et pierres pr\u00e9cieuses \u00e0 Bordeaux - Service Espace Gold Change<\/a><ul class=\"rank-math-html-sitemap__list\"><li class=\"rank-math-html-sitemap__item\"><a href=\"https:\/\/bordeaux.espace-gold-change.com\/en\/purchase-and-sale-of-jewellery-and-precious-stones\/jewellery-buyback\/\" class=\"rank-math-html-sitemap__link\">Rachat de bijoux \u00e0 Bordeaux - Service Espace Gold Change<\/a><ul class=\"rank-math-html-sitemap__list\"><li class=\"rank-math-html-sitemap__item\"><a href=\"https:\/\/bordeaux.espace-gold-change.com\/en\/purchase-and-sale-of-jewellery-and-precious-stones\/jewellery-buyback\/diamonds\/\" class=\"rank-math-html-sitemap__link\">Rachat diamants \u00e0 Bordeaux - Espace Gold Change<\/a><\/li><li class=\"rank-math-html-sitemap__item\"><a href=\"https:\/\/bordeaux.espace-gold-change.com\/en\/purchase-and-sale-of-jewellery-and-precious-stones\/jewellery-buyback\/precious-stones\/\" class=\"rank-math-html-sitemap__link\">Vente de pierres pr\u00e9cieuses \u00e0 Bordeaux - Boutique Espace Gold Change<\/a><\/li><li class=\"rank-math-html-sitemap__item\"><a href=\"https:\/\/bordeaux.espace-gold-change.com\/en\/purchase-and-sale-of-jewellery-and-precious-stones\/jewellery-buyback\/precious-metals\/\" class=\"rank-math-html-sitemap__link\">Rachat de m\u00e9taux pr\u00e9cieux \u00e0 Bordeaux - Service Espace Gold Change<\/a><\/li><\/ul><\/li><li class=\"rank-math-html-sitemap__item\"><a href=\"https:\/\/bordeaux.espace-gold-change.com\/en\/purchase-and-sale-of-jewellery-and-precious-stones\/buying-jewellery\/\" class=\"rank-math-html-sitemap__link\">Achat de bijoux d&#039;occasion \u00e0 Bordeaux - Espace Gold Change<\/a><ul class=\"rank-math-html-sitemap__list\"><li class=\"rank-math-html-sitemap__item\"><a href=\"https:\/\/bordeaux.espace-gold-change.com\/en\/purchase-and-sale-of-jewellery-and-precious-stones\/buying-jewellery\/buying-diamonds-2\/\" class=\"rank-math-html-sitemap__link\">Acheter des diamants \u00e0 Bordeaux - Espace Gold Change<\/a><\/li><li class=\"rank-math-html-sitemap__item\"><a href=\"https:\/\/bordeaux.espace-gold-change.com\/en\/purchase-and-sale-of-jewellery-and-precious-stones\/buying-jewellery\/precious-stones-to-buy\/\" class=\"rank-math-html-sitemap__link\">Acheter des pierres pr\u00e9cieuses \u00e0 Bordeaux - Espace Gold Change<\/a><\/li><li class=\"rank-math-html-sitemap__item\"><a href=\"https:\/\/bordeaux.espace-gold-change.com\/en\/purchase-and-sale-of-jewellery-and-precious-stones\/buying-jewellery\/precious-metals\/\" class=\"rank-math-html-sitemap__link\">Achat de m\u00e9taux pr\u00e9cieux \u00e0 Bordeaux - Espace Gold Change<\/a><\/li><\/ul><\/li><\/ul><\/li><li class=\"rank-math-html-sitemap__item\"><a href=\"https:\/\/bordeaux.espace-gold-change.com\/en\/buying-selling-silver\/\" class=\"rank-math-html-sitemap__link\">Achat vente d&#039;argent \u00e0 Bordeaux - Espace Gold Change<\/a><ul class=\"rank-math-html-sitemap__list\"><li class=\"rank-math-html-sitemap__item\"><a href=\"https:\/\/bordeaux.espace-gold-change.com\/en\/buying-selling-silver\/sell-money\/\" class=\"rank-math-html-sitemap__link\">Vendre de l&#039;argent \u00e0 Bordeaux - Espace Gold Change<\/a><ul class=\"rank-math-html-sitemap__list\"><li class=\"rank-math-html-sitemap__item\"><a href=\"https:\/\/bordeaux.espace-gold-change.com\/en\/buying-selling-silver\/sell-money\/silver-ingots\/\" class=\"rank-math-html-sitemap__link\">Point de vente de lingots d&#039;argent \u00e0 Bordeaux - Espace Gold Change<\/a><\/li><li class=\"rank-math-html-sitemap__item\"><a href=\"https:\/\/bordeaux.espace-gold-change.com\/en\/buying-selling-silver\/sell-money\/silver-coins\/\" class=\"rank-math-html-sitemap__link\">Vente et achat de pi\u00e8ces en argent \u00e0 Bordeaux - Espace Gold Change<\/a><\/li><li class=\"rank-math-html-sitemap__item\"><a href=\"https:\/\/bordeaux.espace-gold-change.com\/en\/buying-selling-silver\/sell-money\/silver-jewellery\/\" class=\"rank-math-html-sitemap__link\">Rachat de bijoux en argent \u00e0 Bordeaux - Espace Gold Change<\/a><\/li><\/ul><\/li><li class=\"rank-math-html-sitemap__item\"><a href=\"https:\/\/bordeaux.espace-gold-change.com\/en\/buying-selling-silver\/buy-money\/\" class=\"rank-math-html-sitemap__link\">Acheter de l&#039;argent physique \u00e0 Bordeaux - Espace Gold Change<\/a><ul class=\"rank-math-html-sitemap__list\"><li class=\"rank-math-html-sitemap__item\"><a href=\"https:\/\/bordeaux.espace-gold-change.com\/en\/buying-selling-silver\/buy-money\/ingots\/\" class=\"rank-math-html-sitemap__link\">Acheter des lingots d&#039;argent \u00e0 Bordeaux - Espace Gold Change<\/a><\/li><li class=\"rank-math-html-sitemap__item\"><a href=\"https:\/\/bordeaux.espace-gold-change.com\/en\/buying-selling-silver\/buy-money\/parts\/\" class=\"rank-math-html-sitemap__link\">Service pour acheter des pi\u00e8ces en argent \u00e0 Bordeaux - Espace Gold Change<\/a><\/li><\/ul><\/li><\/ul><\/li><li class=\"rank-math-html-sitemap__item\"><a href=\"https:\/\/bordeaux.espace-gold-change.com\/en\/buying-selling-gold\/\" class=\"rank-math-html-sitemap__link\">Service d&#039;achat d&#039;or \u00e0 Bordeaux - Espace Gold Change<\/a><ul class=\"rank-math-html-sitemap__list\"><li class=\"rank-math-html-sitemap__item\"><a href=\"https:\/\/bordeaux.espace-gold-change.com\/en\/buying-selling-gold\/sell-gold\/\" class=\"rank-math-html-sitemap__link\">Vendre de l\u2019or \u00e0 Bordeaux - Espace Gold Change<\/a><ul class=\"rank-math-html-sitemap__list\"><li class=\"rank-math-html-sitemap__item\"><a href=\"https:\/\/bordeaux.espace-gold-change.com\/en\/buying-selling-gold\/sell-gold\/gold-ingots\/\" class=\"rank-math-html-sitemap__link\">Service de rachat de lingots d&#039;or \u00e0 Bordeaux - Espace Gold Change<\/a><\/li><li class=\"rank-math-html-sitemap__item\"><a href=\"https:\/\/bordeaux.espace-gold-change.com\/en\/buying-selling-gold\/sell-gold\/gold-pieces\/\" class=\"rank-math-html-sitemap__link\">Service d&#039;achat pi\u00e8ces or \u00e0 Bordeaux - Espace Gold Change<\/a><\/li><li class=\"rank-math-html-sitemap__item\"><a href=\"https:\/\/bordeaux.espace-gold-change.com\/en\/buying-selling-gold\/sell-gold\/napoleons-dor\/\" class=\"rank-math-html-sitemap__link\">Achat et vente de Napol\u00e9ons d&#039;Or \u00e0 Bordeaux - Espace Gold Change<\/a><\/li><li class=\"rank-math-html-sitemap__item\"><a href=\"https:\/\/bordeaux.espace-gold-change.com\/en\/buying-selling-gold\/sell-gold\/louis-dor\/\" class=\"rank-math-html-sitemap__link\">Vente et achat de louis d&#039;or \u00e0 Bordeaux - Espace Gold Change<\/a><\/li><li class=\"rank-math-html-sitemap__item\"><a href=\"https:\/\/bordeaux.espace-gold-change.com\/en\/buying-selling-gold\/sell-gold\/gold-jewellery\/\" class=\"rank-math-html-sitemap__link\">Rachat bijoux or \u00e0 Bordeaux - Espace Gold Change<\/a><\/li><\/ul><\/li><li class=\"rank-math-html-sitemap__item\"><a href=\"https:\/\/bordeaux.espace-gold-change.com\/en\/buying-selling-gold\/buy-gold-2\/\" class=\"rank-math-html-sitemap__link\">Service d&#039;achat d&#039;or \u00e0 Bordeaux - Espace Gold Change<\/a><ul class=\"rank-math-html-sitemap__list\"><li class=\"rank-math-html-sitemap__item\"><a href=\"https:\/\/bordeaux.espace-gold-change.com\/en\/buying-selling-gold\/buy-gold-2\/ingots\/\" class=\"rank-math-html-sitemap__link\">Acheter des lingots d&#039;or \u00e0 Bordeaux - Espace Gold Change<\/a><\/li><li class=\"rank-math-html-sitemap__item\"><a href=\"https:\/\/bordeaux.espace-gold-change.com\/en\/buying-selling-gold\/buy-gold-2\/parts\/\" class=\"rank-math-html-sitemap__link\">Acheter des pi\u00e8ces en or \u00e0 Bordeaux - Espace Gold Change<\/a><\/li><li class=\"rank-math-html-sitemap__item\"><a href=\"https:\/\/bordeaux.espace-gold-change.com\/en\/buying-selling-gold\/buy-gold-2\/gold-napoleons\/\" class=\"rank-math-html-sitemap__link\">Service d&#039;achat de napol\u00e9ons d&#039;or \u00e0 Bordeaux - Espace Gold Change<\/a><\/li><li class=\"rank-math-html-sitemap__item\"><a href=\"https:\/\/bordeaux.espace-gold-change.com\/en\/buying-selling-gold\/buy-gold-2\/louis-or\/\" class=\"rank-math-html-sitemap__link\">Acheter des louis d&#039;or \u00e0 Bordeaux - Espace Gold Change<\/a><\/li><\/ul><\/li><\/ul><\/li><li class=\"rank-math-html-sitemap__item\"><a href=\"https:\/\/bordeaux.espace-gold-change.com\/en\/currency-purchases\/\" class=\"rank-math-html-sitemap__link\">Service d&#039;achat de devises \u00e0 Bordeaux - Espace Gold Change<\/a><ul class=\"rank-math-html-sitemap__list\"><li class=\"rank-math-html-sitemap__item\"><a href=\"https:\/\/bordeaux.espace-gold-change.com\/en\/currency-purchases\/euros\/\" class=\"rank-math-html-sitemap__link\">Achat d&#039;euros \u00e0 Bordeaux - Service Espace Gold Change<\/a><\/li><li class=\"rank-math-html-sitemap__item\"><a href=\"https:\/\/bordeaux.espace-gold-change.com\/en\/currency-purchases\/dirham\/\" class=\"rank-math-html-sitemap__link\">Acheter des dirham \u00e0 Bordeaux - Espace Gold Change<\/a><\/li><li class=\"rank-math-html-sitemap__item\"><a href=\"https:\/\/bordeaux.espace-gold-change.com\/en\/currency-purchases\/yuan\/\" class=\"rank-math-html-sitemap__link\">Acheter des yuans \u00e0 Bordeaux - Espace Gold Change<\/a><\/li><li class=\"rank-math-html-sitemap__item\"><a href=\"https:\/\/bordeaux.espace-gold-change.com\/en\/currency-purchases\/canadian-dollars\/\" class=\"rank-math-html-sitemap__link\">Acheter des dollars canadiens \u00e0 Bordeaux - Espace Gold Change<\/a><\/li><li class=\"rank-math-html-sitemap__item\"><a href=\"https:\/\/bordeaux.espace-gold-change.com\/en\/currency-purchases\/pound-sterling\/\" class=\"rank-math-html-sitemap__link\">Service pour acheter des livres sterling \u00e0 Bordeaux - Espace Gold Change<\/a><\/li><li class=\"rank-math-html-sitemap__item\"><a href=\"https:\/\/bordeaux.espace-gold-change.com\/en\/currency-purchases\/dollars\/\" class=\"rank-math-html-sitemap__link\">Service d&#039;achat de dollars \u00e0 Bordeaux - Espace Gold Change<\/a><\/li><\/ul><\/li><li class=\"rank-math-html-sitemap__item\"><a href=\"https:\/\/bordeaux.espace-gold-change.com\/en\/exchange-offices\/\" class=\"rank-math-html-sitemap__link\">Bureau de change \u00e0 Bordeaux \u2013 Service Espace Gold Change<\/a><ul class=\"rank-math-html-sitemap__list\"><li class=\"rank-math-html-sitemap__item\"><a href=\"https:\/\/bordeaux.espace-gold-change.com\/en\/exchange-offices\/bureau-de-change-a-bordeaux-3-rue-des-remparts\/\" class=\"rank-math-html-sitemap__link\">Bureau de change \u00e0 Bordeaux centre \u2013 Espace Gold Change Remparts<\/a><\/li><\/ul><\/li><li class=\"rank-math-html-sitemap__item\"><a href=\"https:\/\/bordeaux.espace-gold-change.com\/en\/\" class=\"rank-math-html-sitemap__link\">Buy Gold, Sell Gold, Currency Exchange in Bordeaux l Espace Gold Change<\/a><\/li><li class=\"rank-math-html-sitemap__item\"><a href=\"https:\/\/bordeaux.espace-gold-change.com\/en\/privacy-policy\/\" class=\"rank-math-html-sitemap__link\">Politique de confidentialit\u00e9 - Espace Gold Change - Bordeaux<\/a><\/li><\/ul><\/div><\/div><\/div>\n\t\t\t\t\t\t<\/div>\n\t\t\t\t<\/div>\n\t\t\t\t\t<\/div>\n\t\t\t\t<\/div>\n\t\t\t\t<\/div>","protected":false},"excerpt":{"rendered":"","protected":false},"author":1,"featured_media":0,"parent":0,"menu_order":0,"comment_status":"closed","ping_status":"closed","template":"","meta":{"_acf_changed":false,"footnotes":""},"class_list":["post-2699","page","type-page","status-publish","hentry"],"acf":[],"_links":{"self":[{"href":"https:\/\/bordeaux.espace-gold-change.com\/en\/wp-json\/wp\/v2\/pages\/2699","targetHints":{"allow":["GET"]}}],"collection":[{"href":"https:\/\/bordeaux.espace-gold-change.com\/en\/wp-json\/wp\/v2\/pages"}],"about":[{"href":"https:\/\/bordeaux.espace-gold-change.com\/en\/wp-json\/wp\/v2\/types\/page"}],"author":[{"embeddable":true,"href":"https:\/\/bordeaux.espace-gold-change.com\/en\/wp-json\/wp\/v2\/users\/1"}],"replies":[{"embeddable":true,"href":"https:\/\/bordeaux.espace-gold-change.com\/en\/wp-json\/wp\/v2\/comments?post=2699"}],"version-history":[{"count":0,"href":"https:\/\/bordeaux.espace-gold-change.com\/en\/wp-json\/wp\/v2\/pages\/2699\/revisions"}],"wp:attachment":[{"href":"https:\/\/bordeaux.espace-gold-change.com\/en\/wp-json\/wp\/v2\/media?parent=2699"}],"curies":[{"name":"wp","href":"https:\/\/api.w.org\/{rel}","templated":true}]}}